{"id":17,"date":"2022-05-12T15:29:24","date_gmt":"2022-05-12T15:29:24","guid":{"rendered":"https:\/\/startersites.io\/blocksy\/bizconsult\/?page_id=17"},"modified":"2025-07-07T10:47:38","modified_gmt":"2025-07-07T08:47:38","slug":"contact","status":"publish","type":"page","link":"https:\/\/ijbesancon.jeunes-bfc.fr\/en\/contact","title":{"rendered":"Contact us"},"content":{"rendered":"<div class=\"wp-block-stackable-columns alignfull stk-block-columns stk-block stk-b19e7c9 stk-block-background stk--has-background-overlay\" data-block-id=\"b19e7c9\"><style>.stk-b19e7c9 {background-color:var(--theme-palette-color-1, #2c3f46) !important;background-image:url(https:\/\/ijbesancon.jeunes-bfc.fr\/wp-content\/uploads\/2022\/05\/lines-background-2.svg) !important;padding-top:120px !important;padding-bottom:0px !important;margin-bottom:0px !important;z-index:2 !important;overflow:visible !important;}.stk-b19e7c9:before{background-color:var(--theme-palette-color-1, #2c3f46) !important;opacity:0.8 !important;}.stk-b19e7c9 .stk-container{overflow:visible !important;}@media screen and (max-width:999px){.stk-b19e7c9 {padding-top:80px !important;}}<\/style><div class=\"stk-row stk-inner-blocks stk-block-content stk-content-align stk-b19e7c9-column\">\n<div class=\"wp-block-stackable-column stk-block-column stk-column stk-block stk-da68494\" data-v=\"4\" data-block-id=\"da68494\"><style>.stk-da68494-container{margin-top:0px !important;margin-right:0px !important;margin-bottom:0px !important;margin-left:0px !important;}<\/style><div class=\"stk-column-wrapper stk-block-column__content stk-container stk-da68494-container stk--no-background stk--no-padding\"><div class=\"stk-block-content stk-inner-blocks stk-da68494-inner-blocks\">\n<div class=\"wp-block-stackable-spacer stk-block-spacer stk--no-padding stk-block stk-e3160ae\" data-block-id=\"e3160ae\"><style>.stk-e3160ae {height:90px !important;}@media screen and (max-width:999px){.stk-e3160ae {height:80px !important;}}<\/style><\/div>\n\n\n\n<div class=\"wp-block-stackable-heading stk-block-heading stk-block-heading--v2 stk-block stk-e10f9ca\" id=\"contactez-nous\" data-block-id=\"e10f9ca\"><style>.stk-e10f9ca {margin-bottom:30px !important;}.stk-e10f9ca .stk-block-heading__text{font-size:75px !important;color:var(--theme-palette-color-8, #ffffff) !important;line-height:1.3em !important;}@media screen and (max-width:999px){.stk-e10f9ca .stk-block-heading__text{font-size:50px !important;}}<\/style><h2 class=\"stk-block-heading__text has-text-color has-palette-color-8-color has-text-align-center\">Contact us<\/h2><\/div>\n\n\n\n<p><span style=\"color: #ffffff;\" class=\"stk-highlight\">Have you checked all the sections of our FAQ and still not found the answer to your question? <\/span><br><span style=\"color: #fefefe;\" class=\"stk-highlight\">We invite you to ask us directly by filling in the form below: <\/span><\/p>\n\n\n\n<div class=\"wp-block-stackable-spacer stk-block-spacer stk--no-padding stk-block stk-1301428\" data-block-id=\"1301428\"><style>.stk-1301428 {height:70px !important;}<\/style><\/div>\n\n\n\n<div class=\"wp-block-stackable-columns stk-block-columns stk-block stk-d8030e9\" data-block-id=\"d8030e9\"><style>.stk-d8030e9 {margin-bottom:-120px !important;}.stk-d8030e9-column{--stk-column-gap:50px !important;row-gap:50px !important;}<\/style><div class=\"stk-row stk-inner-blocks stk-block-content stk-content-align stk-d8030e9-column\">\n<div class=\"wp-block-stackable-column stk-block-column stk-column stk-block stk-3446bed stk-block-background\" data-v=\"4\" data-block-id=\"3446bed\"><style>.stk-3446bed-container{margin-top:0px !important;margin-right:0px !important;margin-bottom:0px !important;margin-left:0px !important;background-color:transparent !important;box-shadow:none !important;padding-top:0px !important;padding-right:0px !important;padding-bottom:0px !important;padding-left:0px !important;}.stk-3446bed {background-color:var(--theme-palette-color-8, #ffffff) !important;box-shadow:0 5px 30px -10px #123f524d !important;padding-top:55px !important;padding-right:50px !important;padding-bottom:55px !important;padding-left:50px !important;}.stk-3446bed:before{background-color:var(--theme-palette-color-8, #ffffff) !important;}.stk-3446bed-container:before{background-color:transparent !important;}@media screen and (min-width:690px){.stk-3446bed {flex:var(--stk-flex-grow, 1) 1 calc(50% - var(--stk-column-gap, 0px) * 1 \/ 2 ) !important;}}@media screen and (min-width:690px) and (max-width:999px){.stk-3446bed {flex:var(--stk-flex-grow, 1) 1 calc(100% - var(--stk-column-gap, 0px) * 0 \/ 1 ) !important;}}@media screen and (max-width:999px){.stk-3446bed {padding-top:40px !important;padding-right:40px !important;padding-bottom:40px !important;padding-left:40px !important;}}<\/style><div class=\"stk-column-wrapper stk-block-column__content stk-container stk-3446bed-container stk-hover-parent\"><div class=\"stk-block-content stk-inner-blocks stk-3446bed-inner-blocks\">\n<div class=\"wp-block-stackable-heading stk-block-heading stk-block-heading--v2 stk-block stk-ec1940f\" id=\"posez-nous-votre-question\" data-block-id=\"ec1940f\"><style>.stk-ec1940f {margin-bottom:30px !important;}.stk-ec1940f .stk-block-heading__text{font-weight:700 !important;}<\/style><h4 class=\"stk-block-heading__text stk-block-heading--use-theme-margins\">Ask us your question: <\/h4><\/div>\n\n\n\n<div class=\"wp-block-contact-form-7-contact-form-selector\">\n<div class=\"wpcf7 no-js\" id=\"wpcf7-f1668-o1\" lang=\"fr-FR\" dir=\"ltr\" data-wpcf7-id=\"1668\">\n<div class=\"screen-reader-response\"><p role=\"status\" aria-live=\"polite\" aria-atomic=\"true\"><\/p> <ul><\/ul><\/div>\n<form action=\"\/en\/wp-json\/wp\/v2\/pages\/17#wpcf7-f1668-o1\" method=\"post\" class=\"wpcf7-form init\" aria-label=\"Contact form\" novalidate=\"novalidate\" data-status=\"init\" data-trp-original-action=\"\/en\/wp-json\/wp\/v2\/pages\/17#wpcf7-f1668-o1\">\n<fieldset class=\"hidden-fields-container\"><input type=\"hidden\" name=\"_wpcf7\" value=\"1668\" \/><input type=\"hidden\" name=\"_wpcf7_version\" value=\"6.1.5\" \/><input type=\"hidden\" name=\"_wpcf7_locale\" value=\"fr_FR\" \/><input type=\"hidden\" name=\"_wpcf7_unit_tag\" value=\"wpcf7-f1668-o1\" \/><input type=\"hidden\" name=\"_wpcf7_container_post\" value=\"0\" \/><input type=\"hidden\" name=\"_wpcf7_posted_data_hash\" value=\"\" \/>\n<\/fieldset>\n<p>Your name :<br \/>\n<label> <span class=\"wpcf7-form-control-wrap\" data-name=\"your-name\"><input size=\"40\" maxlength=\"400\" class=\"wpcf7-form-control wpcf7-text wpcf7-validates-as-required\" autocomplete=\"name\" aria-required=\"true\" aria-invalid=\"false\" value=\"\" type=\"text\" name=\"your-name\" \/><\/span> <\/label>\n<\/p>\n<p>Your e-mail :<br \/>\n<label><span class=\"wpcf7-form-control-wrap\" data-name=\"your-email\"><input size=\"40\" maxlength=\"400\" class=\"wpcf7-form-control wpcf7-email wpcf7-validates-as-required wpcf7-text wpcf7-validates-as-email\" autocomplete=\"email\" aria-required=\"true\" aria-invalid=\"false\" value=\"\" type=\"email\" name=\"your-email\" \/><\/span> <\/label>\n<\/p>\n<p>Choose a theme :<br \/>\n<span class=\"wpcf7-form-control-wrap\" data-name=\"select-580\"><select class=\"wpcf7-form-control wpcf7-select\" aria-invalid=\"false\" name=\"select-580\"><option value=\"LOGEMENT, RESTAURATION, TRANSPORTS\">ACCOMMODATION, CATERING, TRANSPORT<\/option><option value=\"STAGES, JOBS, EMPLOI\">INTERNSHIPS, JOBS, EMPLOYMENT<\/option><option value=\"SOCIAL, SANT\u00c9, \u00c9COUTE, SOUTIEN\">SOCIAL, HEALTH, LISTENING, SUPPORT<\/option><option value=\"PROJETS, INITIATIVES, ENGAGEMENT\">PROJECTS, INITIATIVES, COMMITMENT<\/option><option value=\"SPORT, CULTURE, LOISIRS\">SPORT, CULTURE, LEISURE<\/option><option value=\"PARTIR A L\u2019\u00c9TRANGER\">GOING ABROAD<\/option><option value=\"AUTRE\">OTHER<\/option><\/select><\/span>\n<\/p>\n<p>Subject :<br \/>\n<label><span class=\"wpcf7-form-control-wrap\" data-name=\"your-subject\"><input size=\"40\" maxlength=\"400\" class=\"wpcf7-form-control wpcf7-text wpcf7-validates-as-required\" aria-required=\"true\" aria-invalid=\"false\" value=\"\" type=\"text\" name=\"your-subject\" \/><\/span> <\/label>\n<\/p>\n<p>Your message (required) :<br \/>\n<label> <span class=\"wpcf7-form-control-wrap\" data-name=\"your-message\"><textarea cols=\"40\" rows=\"10\" maxlength=\"2000\" class=\"wpcf7-form-control wpcf7-textarea\" aria-invalid=\"false\" name=\"your-message\"><\/textarea><\/span> <\/label>\n<\/p>\n<p><input class=\"wpcf7-form-control wpcf7-submit has-spinner\" type=\"submit\" value=\"Send\" \/>\n<\/p><p style=\"display: none !important;\" class=\"akismet-fields-container\" data-prefix=\"_wpcf7_ak_\"><label>\u0394<textarea name=\"_wpcf7_ak_hp_textarea\" cols=\"45\" rows=\"8\" maxlength=\"100\"><\/textarea><\/label><input type=\"hidden\" id=\"ak_js_1\" name=\"_wpcf7_ak_js\" value=\"0\"\/><script>\ndocument.getElementById( \"ak_js_1\" ).setAttribute( \"value\", ( new Date() ).getTime() );\n<\/script>\n<\/p><div class=\"wpcf7-response-output\" aria-hidden=\"true\"><\/div>\n<input type=\"hidden\" name=\"trp-form-language\" value=\"en\"\/><\/form>\n<\/div>\n<\/div>\n<\/div><\/div><\/div>\n\n\n\n<div class=\"wp-block-stackable-column stk-block-column stk-column stk-block stk-2033225\" data-v=\"4\" data-block-id=\"2033225\"><style>.stk-2033225-container{margin-top:0px !important;margin-right:0px !important;margin-bottom:0px !important;margin-left:0px !important;}@media screen and (min-width:690px){.stk-2033225 {flex:var(--stk-flex-grow, 1) 1 calc(50% - var(--stk-column-gap, 0px) * 1 \/ 2 ) !important;}}@media screen and (min-width:690px) and (max-width:999px){.stk-2033225 {flex:var(--stk-flex-grow, 1) 1 calc(100% - var(--stk-column-gap, 0px) * 0 \/ 1 ) !important;}}<\/style><div class=\"stk-column-wrapper stk-block-column__content stk-container stk-2033225-container stk--no-background stk--no-padding\"><div class=\"stk-block-content stk-inner-blocks stk-2033225-inner-blocks\">\n<div class=\"wp-block-stackable-image stk-block-image stk-block stk-2a04a8f\" data-block-id=\"2a04a8f\"><style>.stk-2a04a8f {margin-bottom:0px !important;}.stk-2a04a8f .stk-img-wrapper{aspect-ratio:3\/2 !important;height:auto !important;}@media screen and (max-width:999px){.stk-2a04a8f .stk-img-wrapper{height:500px !important;}.stk-2a04a8f .stk-img-wrapper img{object-position:48% 0% !important;}}@media screen and (max-width:689px){.stk-2a04a8f .stk-img-wrapper{height:auto !important;}}<\/style><figure><span class=\"stk-img-wrapper stk-image--shape-stretch\"><img loading=\"lazy\" decoding=\"async\" class=\"stk-img wp-image-1663\" src=\"https:\/\/ijbesancon.jeunes-bfc.fr\/wp-content\/uploads\/2025\/05\/jeune_tel.png\" width=\"2000\" height=\"1333\" srcset=\"https:\/\/ijbesancon.jeunes-bfc.fr\/wp-content\/uploads\/2025\/05\/jeune_tel.png 2000w, https:\/\/ijbesancon.jeunes-bfc.fr\/wp-content\/uploads\/2025\/05\/jeune_tel-300x200.png 300w, https:\/\/ijbesancon.jeunes-bfc.fr\/wp-content\/uploads\/2025\/05\/jeune_tel-1024x682.png 1024w, https:\/\/ijbesancon.jeunes-bfc.fr\/wp-content\/uploads\/2025\/05\/jeune_tel-768x512.png 768w, https:\/\/ijbesancon.jeunes-bfc.fr\/wp-content\/uploads\/2025\/05\/jeune_tel-1536x1024.png 1536w\" sizes=\"auto, (max-width: 2000px) 100vw, 2000px\" \/><\/span><\/figure><\/div>\n\n\n\n<div class=\"wp-block-stackable-columns stk-block-columns stk-block stk-95392a8\" data-block-id=\"95392a8\"><style>.stk-95392a8 {padding-top:0px !important;padding-right:0px !important;padding-bottom:0px !important;padding-left:0px !important;}<\/style><div class=\"stk-row stk-inner-blocks stk-block-content stk-content-align stk-95392a8-column\">\n<div class=\"wp-block-stackable-column stk-block-column stk-column stk-block stk-764c452 stk-block-background\" data-v=\"4\" data-block-id=\"764c452\"><style>.stk-764c452 {background-color:var(--theme-palette-color-8, #ffffff) !important;box-shadow:0 5px 30px -10px #123f524d !important;padding-top:55px !important;padding-right:50px !important;padding-bottom:55px !important;padding-left:50px !important;}.stk-764c452:before{background-color:var(--theme-palette-color-8, #ffffff) !important;}.stk-764c452-container{background-color:transparent !important;box-shadow:none !important;padding-top:0px !important;padding-right:0px !important;padding-bottom:0px !important;padding-left:0px !important;}.stk-764c452-container:before{background-color:transparent !important;}@media screen and (max-width:999px){.stk-764c452 {padding-top:40px !important;padding-right:40px !important;padding-bottom:40px !important;padding-left:40px !important;}}<\/style><div class=\"stk-column-wrapper stk-block-column__content stk-container stk-764c452-container stk-hover-parent\"><div class=\"stk-block-content stk-inner-blocks stk-764c452-inner-blocks\">\n<figure class=\"wp-block-image aligncenter size-full is-resized\"><img loading=\"lazy\" decoding=\"async\" width=\"500\" height=\"500\" src=\"https:\/\/ijbesancon.jeunes-bfc.fr\/wp-content\/uploads\/2025\/07\/point_interrogation.png\" alt=\"\" class=\"wp-image-1881\" style=\"width:131px;height:auto\" srcset=\"https:\/\/ijbesancon.jeunes-bfc.fr\/wp-content\/uploads\/2025\/07\/point_interrogation.png 500w, https:\/\/ijbesancon.jeunes-bfc.fr\/wp-content\/uploads\/2025\/07\/point_interrogation-300x300.png 300w, https:\/\/ijbesancon.jeunes-bfc.fr\/wp-content\/uploads\/2025\/07\/point_interrogation-150x150.png 150w, https:\/\/ijbesancon.jeunes-bfc.fr\/wp-content\/uploads\/2025\/07\/point_interrogation-12x12.png 12w\" sizes=\"auto, (max-width: 500px) 100vw, 500px\" \/><\/figure>\n\n\n\n<div class=\"wp-block-stackable-heading stk-block-heading stk-block-heading--v2 stk-block stk-85a295d\" id=\"info-jeunes-besancon\" data-block-id=\"85a295d\"><style>.stk-85a295d {margin-bottom:23px !important;}<\/style><h2 class=\"stk-block-heading__text\">Info Jeunes Besan\u00e7on<\/h2><\/div>\n\n\n\n<div class=\"wp-block-stackable-text stk-block-text stk-block stk-c0d92c6\" data-block-id=\"c0d92c6\"><style>.stk-c0d92c6 {border-top-width:0px !important;border-right-width:0px !important;border-bottom-width:0px !important;border-left-width:4px !important;margin-bottom:6px !important;transform:translateY(-24px) !important;}:where(.stk-hover-parent:hover,  .stk-hover-parent.stk--is-hovered) .stk-c0d92c6{transform:translateY(0px) !important;}.stk-c0d92c6 .stk-block-text__text{font-size:17px !important;font-weight:500 !important;text-transform:uppercase !important;}@media screen and (max-width:999px){.stk-c0d92c6 .stk-block-text__text{font-size:17px !important;}}<\/style><p class=\"stk-block-text__text\">27 rue de la R\u00e9publique<br>25000 - Besan\u00e7on<\/p><\/div>\n\n\n\n<p>Tel: <strong>03 81 21 16 16<\/strong><br>Mail : <strong>ijbesancon@jeunes-bfc.fr<\/strong><\/p>\n\n\n\n<div class=\"wp-block-stackable-heading stk-block-heading stk-block-heading--v2 stk-block stk-334b764\" id=\"explorer-les-possible\" data-block-id=\"334b764\"><style>.stk-334b764 {border-top-width:0px !important;border-right-width:0px !important;border-bottom-width:0px !important;border-left-width:4px !important;margin-bottom:5px !important;}<\/style><h5 class=\"stk-block-heading__text\">Exploring the possible<\/h5><\/div>\n<\/div><\/div><\/div>\n<\/div><\/div>\n<\/div><\/div><\/div>\n<\/div><\/div>\n<\/div><\/div><\/div>\n<\/div><\/div>\n\n\n\n<div class=\"wp-block-stackable-spacer stk-block-spacer stk--no-padding stk-block stk-40a5669\" data-block-id=\"40a5669\"><style>.stk-40a5669 {height:120px !important;}@media screen and (max-width:999px){.stk-40a5669 {height:80px !important;}}<\/style><\/div>\n\n\n\n<div class=\"wp-block-stackable-spacer stk-block-spacer stk--no-padding stk-block stk-286787e\" data-block-id=\"286787e\"><style>.stk-286787e {height:85px !important;}<\/style><\/div>\n\n\n\n<p><\/p>","protected":false},"excerpt":{"rendered":"<p>Contactez-nous Vous avez bien v\u00e9rifi\u00e9 dans toutes les rubriques de notre FAQ et vous n&rsquo;avez pas trouv\u00e9 de r\u00e9ponse \u00e0 votre question ? Nous vous invitons \u00e0 nous la poser directement en remplissant le formulaire ci dessous : Posez-nous votre question : Info Jeunes Besan\u00e7on 27 rue de la R\u00e9publique25000 &#8211; Besan\u00e7on T\u00e9l : 03 [&hellip;]<\/p>\n","protected":false},"author":1,"featured_media":0,"parent":0,"menu_order":0,"comment_status":"closed","ping_status":"closed","template":"","meta":{"footnotes":""},"class_list":["post-17","page","type-page","status-publish","hentry"],"blocksy_meta":{"styles_descriptor":{"styles":{"desktop":"","tablet":"","mobile":""},"google_fonts":[],"version":6},"page_title_panel":"","has_hero_section":"disabled","e37fe3d1f2b8ef45954126c9dc201379":"","hero_section":"type-1","hero_elements":[{"id":"custom_title","enabled":true,"heading_tag":"h1","title":"Home"},{"id":"custom_description","enabled":true,"description_visibility":{"desktop":true,"tablet":true,"mobile":false}},{"id":"custom_meta","enabled":false,"meta_elements":[{"id":"author","enabled":true,"label":"By","has_author_avatar":"yes","avatar_size":25},{"id":"post_date","enabled":true,"label":"On","date_format_source":"default","date_format":"M j, Y"},{"id":"updated_date","enabled":false,"label":"On","date_format_source":"default","date_format":"M j, Y"},{"id":"categories","enabled":false,"label":"In","style":"simple"},{"id":"comments","enabled":true}],"page_meta_elements":{"joined":true,"articles_count":true,"comments":true}},{"id":"breadcrumbs","enabled":false}],"4d051528ea1bbd628d4f05c433b89674":"","hero_alignment1":"CT_CSS_SKIP_RULE","hero_margin":40,"hero_alignment2":"center","hero_vertical_alignment":"center","4882edb7f6bbee10edc1739cb807b323":"","hero_structure":"narrow","5d8c77385b1854b9aaf8712d83d1dfcd":"","page_title_bg_type":"featured_image","custom_hero_background":{"attachment_id":null},"page_title_image_size":"full","parallax":{"desktop":false,"tablet":false,"mobile":false},"33e6d4720aa5a5ddfc8c1111ca11b66c":"","hero_height":"250px","pageTitleFont":{"family":"Default","variation":"Default","size":"30px","line-height":"CT_CSS_SKIP_RULE","letter-spacing":"CT_CSS_SKIP_RULE","text-transform":"CT_CSS_SKIP_RULE","text-decoration":"CT_CSS_SKIP_RULE"},"pageTitleFontColor":{"default":{"color":"CT_CSS_SKIP_RULEDEFAULT"}},"pageMetaFont":{"family":"Default","variation":"n6","size":"12px","line-height":"1.3","letter-spacing":"CT_CSS_SKIP_RULE","text-transform":"uppercase","text-decoration":"CT_CSS_SKIP_RULE"},"pageMetaFontColor":{"default":{"color":"CT_CSS_SKIP_RULEDEFAULT"},"hover":{"color":"CT_CSS_SKIP_RULEDEFAULT"}},"page_meta_button_type_font_colors":{"default":{"color":"CT_CSS_SKIP_RULEDEFAULT"},"hover":{"color":"CT_CSS_SKIP_RULEDEFAULT"}},"page_meta_button_type_background_colors":{"default":{"color":"CT_CSS_SKIP_RULEDEFAULT"},"hover":{"color":"CT_CSS_SKIP_RULEDEFAULT"}},"pageExcerptFont":{"family":"Default","variation":"Default","size":"CT_CSS_SKIP_RULE","line-height":"CT_CSS_SKIP_RULE","letter-spacing":"CT_CSS_SKIP_RULE","text-transform":"CT_CSS_SKIP_RULE","text-decoration":"CT_CSS_SKIP_RULE"},"pageExcerptColor":{"default":{"color":"CT_CSS_SKIP_RULEDEFAULT"}},"breadcrumbsFont":{"family":"Default","variation":"Default","size":"CT_CSS_SKIP_RULE","line-height":"CT_CSS_SKIP_RULE","letter-spacing":"CT_CSS_SKIP_RULE","text-transform":"CT_CSS_SKIP_RULE","text-decoration":"CT_CSS_SKIP_RULE"},"breadcrumbsFontColor":{"default":{"color":"CT_CSS_SKIP_RULEDEFAULT"},"initial":{"color":"CT_CSS_SKIP_RULEDEFAULT"},"hover":{"color":"CT_CSS_SKIP_RULEDEFAULT"}},"pageTitleOverlay":{"background_type":"color","background_pattern":"type-1","background_image":{"attachment_id":null,"x":0,"y":0},"gradient":"linear-gradient(135deg,rgba(6,147,227,1) 0%,rgb(155,81,224) 100%)","background_repeat":"repeat","background_size":"auto","background_attachment":"scroll","patternColor":{"default":{"color":"#e5e7ea"}},"overlayColor":{"default":{"color":"CT_CSS_SKIP_RULE"}},"backgroundColor":{"default":{"color":"CT_CSS_SKIP_RULE"}}},"pageTitleBackground":{"background_type":"color","background_pattern":"type-1","background_image":{"attachment_id":null,"x":0,"y":0},"gradient":"linear-gradient(135deg,rgba(6,147,227,1) 0%,rgb(155,81,224) 100%)","background_repeat":"repeat","background_size":"auto","background_attachment":"scroll","patternColor":{"default":{"color":"#e5e7ea"}},"overlayColor":{"default":{"color":"CT_CSS_SKIP_RULE"}},"backgroundColor":{"default":{"color":"var(--theme-palette-color-6)"}}},"pageTitlePadding":{"top":"50px","bottom":"50px","left":"auto","right":"auto","linked":true},"38b08d26eedebe0c0ad9780d043af081":"","page_structure_type":"default","22f4e2247730630ddcf1d2b736dbc81d":"","content_style_source":"inherit","content_style":"wide","vertical_spacing_source":"custom","content_area_spacing":"none","background":{"background_type":"color","background_pattern":"type-1","background_image":{"attachment_id":null,"x":0,"y":0},"gradient":"linear-gradient(135deg,rgba(6,147,227,1) 0%,rgb(155,81,224) 100%)","background_repeat":"repeat","background_size":"auto","background_attachment":"scroll","patternColor":{"default":{"color":"#e5e7ea"}},"overlayColor":{"default":{"color":"CT_CSS_SKIP_RULE"}},"backgroundColor":{"default":{"color":"CT_CSS_SKIP_RULE"}}},"content_background":{"background_type":"color","background_pattern":"type-1","background_image":{"attachment_id":null,"x":0,"y":0},"gradient":"linear-gradient(135deg,rgba(6,147,227,1) 0%,rgb(155,81,224) 100%)","background_repeat":"repeat","background_size":"auto","background_attachment":"scroll","patternColor":{"default":{"color":"#e5e7ea"}},"overlayColor":{"default":{"color":"CT_CSS_SKIP_RULE"}},"backgroundColor":{"default":{"color":"var(--theme-palette-color-8)"}}},"content_boxed_shadow":{"inherit":false,"blur":18,"spread":-6,"v_offset":12,"h_offset":0,"inset":false,"enable":true,"color":{"color":"rgba(34, 56, 101, 0.04)"}},"content_boxed_border":{"width":1,"style":"none","color":{"color":"rgba(44,62,80,0.2)"}},"content_boxed_radius":{"top":"3px","bottom":"3px","left":"3px","right":"3px","linked":true},"boxed_content_spacing":{"desktop":{"top":"40px","bottom":"40px","left":"40px","right":"40px","linked":true},"tablet":{"top":"35px","bottom":"35px","left":"35px","right":"35px","linked":true},"mobile":{"top":"20px","bottom":"20px","left":"20px","right":"20px","linked":true}},"187cc48ed5f490ee352644d154bc3cd0":"","disable_featured_image":"no","disable_share_box":"no","disable_header":"no","disable_footer":"no"},"_links":{"self":[{"href":"https:\/\/ijbesancon.jeunes-bfc.fr\/en\/wp-json\/wp\/v2\/pages\/17","targetHints":{"allow":["GET"]}}],"collection":[{"href":"https:\/\/ijbesancon.jeunes-bfc.fr\/en\/wp-json\/wp\/v2\/pages"}],"about":[{"href":"https:\/\/ijbesancon.jeunes-bfc.fr\/en\/wp-json\/wp\/v2\/types\/page"}],"author":[{"embeddable":true,"href":"https:\/\/ijbesancon.jeunes-bfc.fr\/en\/wp-json\/wp\/v2\/users\/1"}],"replies":[{"embeddable":true,"href":"https:\/\/ijbesancon.jeunes-bfc.fr\/en\/wp-json\/wp\/v2\/comments?post=17"}],"version-history":[{"count":26,"href":"https:\/\/ijbesancon.jeunes-bfc.fr\/en\/wp-json\/wp\/v2\/pages\/17\/revisions"}],"predecessor-version":[{"id":1979,"href":"https:\/\/ijbesancon.jeunes-bfc.fr\/en\/wp-json\/wp\/v2\/pages\/17\/revisions\/1979"}],"wp:attachment":[{"href":"https:\/\/ijbesancon.jeunes-bfc.fr\/en\/wp-json\/wp\/v2\/media?parent=17"}],"curies":[{"name":"wp","href":"https:\/\/api.w.org\/{rel}","templated":true}]}}